{"id":28,"date":"2024-01-03T23:20:17","date_gmt":"2024-01-03T22:20:17","guid":{"rendered":"https:\/\/klima-becker.de\/karriere\/?page_id=28"},"modified":"2026-02-05T11:52:31","modified_gmt":"2026-02-05T10:52:31","slug":"startseite","status":"publish","type":"page","link":"https:\/\/klima-becker.de\/karriere\/","title":{"rendered":"Startseite"},"content":{"rendered":"<div class=\"lazyblock-banner-segmente-Z1Iz80a wp-block-lazyblock-banner-segmente\"><div class=\"segmenteBanner\">\n    <div class=\"raw\">\n        <div class=\"image\">\n            <div class=\"background\">\n                <picture class=\"bild\">\n                    <source srcset=\"\/wp-content\/themes\/klimabecker\/_public\/img\/Klima-Becker-background.webp\" type=\"image\/webp\">\n                    <source srcset=\"\/wp-content\/themes\/klimabecker\/_public\/img\/Klima-Becker-background.png\" type=\"image\/jpeg\">\n                    <img decoding=\"async\" src=\"\/wp-content\/themes\/klimabecker\/_public\/img\/Klima-Becker-background.png\" alt=\"Background\" \/>\n                <\/picture>\n            <\/div>\n\n            <div class=\"sanitaer imageItem\"   data-id=\"2\" titel=\"Jetzt klicken um mehr zu erfahren\">\n                <picture class=\"bild\">\n                    <source srcset=\"\/wp-content\/themes\/klimabecker\/_public\/img\/Heizung-Sanitaer.webp\" type=\"image\/webp\">\n                    <source srcset=\"\/wp-content\/themes\/klimabecker\/_public\/img\/Heizung-Sanitaer.png\" type=\"image\/jpeg\">\n                    <img decoding=\"async\" src=\"\/wp-content\/themes\/klimabecker\/_public\/img\/Heizung-Sanitaer.png\" alt=\"Heizung und Sanit\u00e4r\" \/>\n                <\/picture>\n            <\/div>\n\n            <div class=\"kaelte imageItem\"  data-id=\"1\" titel=\"Jetzt klicken um mehr zu erfahren\">\n                <picture class=\"bild\">\n                    <source srcset=\"\/wp-content\/themes\/klimabecker\/_public\/img\/Kaelte.webp\" type=\"image\/webp\">\n                    <source srcset=\"\/wp-content\/themes\/klimabecker\/_public\/img\/Kaelte.png\" type=\"image\/jpeg\">\n                    <img decoding=\"async\" src=\"\/wp-content\/themes\/klimabecker\/_public\/img\/Kaelte.png\" alt=\"K\u00e4lte\" \/>\n                <\/picture>\n            <\/div>\n\n            <div class=\"lueftung imageItem\" data-id=\"3\" titel=\"Jetzt klicken um mehr zu erfahren\">\n                <picture class=\"bild\">\n                    <source srcset=\"\/wp-content\/themes\/klimabecker\/_public\/img\/Lueftung.webp\" type=\"image\/webp\">\n                    <source srcset=\"\/wp-content\/themes\/klimabecker\/_public\/img\/Lueftung.png\" type=\"image\/jpeg\">\n                    <img decoding=\"async\" src=\"\/wp-content\/themes\/klimabecker\/_public\/img\/Lueftung.png\" alt=\"Lueftung\" \/>\n                <\/picture>\n            <\/div>\n\n            <div class=\"klima imageItem\" data-id=\"4\" titel=\"Jetzt klicken um mehr zu erfahren\">\n                <picture class=\"bild\">\n                    <source srcset=\"\/wp-content\/themes\/klimabecker\/_public\/img\/Klima.webp\" type=\"image\/webp\">\n                    <source srcset=\"\/wp-content\/themes\/klimabecker\/_public\/img\/Klima.png\" type=\"image\/jpeg\">\n                    <img decoding=\"async\" src=\"\/wp-content\/themes\/klimabecker\/_public\/img\/Klima.png\" alt=\"Klima\" \/>\n                <\/picture>\n            <\/div>\n\n            <div class=\"production imageItem\" data-id=\"5\" titel=\"Jetzt klicken um mehr zu erfahren\">\n                <picture class=\"bild\">\n                    <source srcset=\"\/wp-content\/themes\/klimabecker\/_public\/img\/Produktion.webp\" type=\"image\/webp\">\n                    <source srcset=\"\/wp-content\/themes\/klimabecker\/_public\/img\/Produktion.png\" type=\"image\/jpeg\">\n                    <img decoding=\"async\" src=\"\/wp-content\/themes\/klimabecker\/_public\/img\/Produktion.png\" alt=\"Produktion\" \/>\n                <\/picture>\n            <\/div>\n\n            <div class=\"raumtechnik imageItem\" data-id=\"6\" titel=\"Jetzt klicken um mehr zu erfahren\">\n                <picture class=\"bild\">\n                    <source srcset=\"\/wp-content\/themes\/klimabecker\/_public\/img\/Raumtechnik.webp\" type=\"image\/webp\">\n                    <source srcset=\"\/wp-content\/themes\/klimabecker\/_public\/img\/Raumtechnik.png\" type=\"image\/jpeg\">\n                    <img decoding=\"async\" src=\"\/wp-content\/themes\/klimabecker\/_public\/img\/Raumtechnik.png\" alt=\"Raumtechnik\" \/>\n                <\/picture>\n            <\/div>\n\n        <\/div>\n        <div class=\"textFrame\">\n            <div class=\"text\">\n                <div class=\"item active\">\n                    <div class=\"headline\">\n                        <div class=\"subtitle\">Klima Becker<\/div>\n                        <div class=\"title\">Kompetenz. Perfekt.Vereint.<\/div>\n                    <\/div>\n\n                    <div class=\"textBlock\">\n                        <p>Wir sind ein mittelst\u00e4ndisches Familienunternehmen: innovativ, technisch up to date, zuverl\u00e4ssig, flexibel und schnell. Ein Team aus Fachleuten, dass sein Handwerk versteht und liebt. 1928 gegr\u00fcndet, besch\u00e4ftigt unsere Unternehmensgruppe mit dem Hauptsitz in Saarbr\u00fccken und in 11 Niederlassungen \u00fcber 480 Mitarbeiter, davon 100 Auszubildende.<\/p>                    <\/div>\n                <\/div>\n\n                                                        <div class=\"item\" data-id=\"1\">\n                        <div class=\"headline\">\n                            <div class=\"subtitle\">K\u00e4ltetechnik<\/div>\n                            <div class=\"title\">K\u00e4lte. Intelligent. Nutzen.<\/div>\n                        <\/div>\n\n                        <div class=\"textBlock\">\n                            <p>Klima Becker macht K\u00e4lte zum Erfolgsfaktor. Mit modernster K\u00e4ltetechnik f\u00fcr Lebensmittelindustrie, Produktionsbetriebe, Gewerbe und Rechenzentren. Alle Leistungen erbringen wir aus einer Hand: von Beratung und Planung \u00fcber Realisierung bis zur Wartung und einem 24-Stunden-Service an 365 Tagen im Jahr. Unsere Kunden profitieren dabei von unserer Produktunabh\u00e4ngigkeit und unseren erfahrenen Spezialisten, die mit Verstand und Leidenschaft agieren.<\/p>                        <\/div>\n                    <\/div>\n                                                        <div class=\"item\" data-id=\"2\">\n                        <div class=\"headline\">\n                            <div class=\"subtitle\">Sanit\u00e4r &#038; Heizungstechnik<\/div>\n                            <div class=\"title\">W\u00e4rme. Angenehm. Gestalten.<\/div>\n                        <\/div>\n\n                        <div class=\"textBlock\">\n                            <p>Ganz gleich, ob Neuinstallation oder ma\u00dfgeschneiderte Heizungsmodernisierung, 3D-Badplanungen oder Komplett- und Teilerneuerung von B\u00e4dern \u2013 Wir sind mit vollem Einsatz bei der Sache. Unsere Leistungen umfassen Installation, Modernisierung, Wartung und Reparatur sowie einen 24-Stunden Notdienst.<\/p>                        <\/div>\n                    <\/div>\n                                                        <div class=\"item\" data-id=\"3\">\n                        <div class=\"headline\">\n                            <div class=\"subtitle\">L\u00fcftungstechnik<\/div>\n                            <div class=\"title\">Luft.Sauber.Liefern.<\/div>\n                        <\/div>\n\n                        <div class=\"textBlock\">\n                            <p>Klima Becker sorgt daf\u00fcr, dass dort wo es darauf ankommt immer gen\u00fcgend Luft vorhandem ist \u2013 und das stehts in der richtigen G\u00fcte. L\u00fcftungstechnik ist f\u00fcr uns mehr als der Bau von L\u00fcftungsanlagen- und kan\u00e4len, von Formteilen und Zubeh\u00f6r nach Ma\u00df. Im Rahmen sorgf\u00e4ltiger Hygieneuntersuchungen ermitteln und garantieren unsere zertifizierten Experten auch die Reinheit von Luft, Wasser und Oberfl\u00e4chen.<\/p>                        <\/div>\n                    <\/div>\n                                                        <div class=\"item\" data-id=\"4\">\n                        <div class=\"headline\">\n                            <div class=\"subtitle\">Klimatechnik<\/div>\n                            <div class=\"title\">Komfort. Nachhaltig. Gestalten.<\/div>\n                        <\/div>\n\n                        <div class=\"textBlock\">\n                            <p>Ein perfektes Klima ist mit Klima Becker garantiert: Wir sorgen f\u00fcr angenehme Temperaturen, eine optimale Luftfeuchtigkeit sowie ein gesundes Raumklima. Beste Voraussetzungen f\u00fcr maximale Leistung in einem produktiven Arbeitsumfeld sowie f\u00fcr das eigene Wohlf\u00fchlzuhause. Wir planen und realisieren individuelle Klimal\u00f6sungen f\u00fcr unsere Kunden.<\/p>                        <\/div>\n                    <\/div>\n                                                        <div class=\"item\" data-id=\"5\">\n                        <div class=\"headline\">\n                            <div class=\"subtitle\">Metallverarbeitung<\/div>\n                            <div class=\"title\">Metall. Erstklassig. Verarbeitet.<\/div>\n                        <\/div>\n\n                        <div class=\"textBlock\">\n                            <p>Planung und Fertigung von Produkten f\u00fcr Reinr\u00e4ume und Labore sowie f\u00fcr den Bereich Luft- und Klimatechnik: Wir sind ein Spezialist f\u00fcr s\u00e4mtliche Anforderungen aus diesen Bereichen. Unsere erfahrenen Mitarbeiter und ein hochmoderner, leistungsf\u00e4higer Maschinenpark garantieren h\u00f6chste Qualit\u00e4t und Zuverl\u00e4ssigkeit unserer Edelstahl- und Feinblech-Produkte.<\/p>                        <\/div>\n                    <\/div>\n                                                        <div class=\"item\" data-id=\"6\">\n                        <div class=\"headline\">\n                            <div class=\"subtitle\">Reinraumtechnik<\/div>\n                            <div class=\"title\">Reinheit. Zuverl\u00e4ssig. Garantieren.<\/div>\n                        <\/div>\n\n                        <div class=\"textBlock\">\n                            <p>Reinheit, zuverl\u00e4ssig, garantieren \u2013 das ist Becker Reinraumtechnik, ein Unternehmen von Klima Becker. Wir planen und bauen schl\u00fcsselfertige Rein- und Sauberr\u00e4ume f\u00fcr Apotheken, Pharma-, Halbleiter- Lebensmitteltechnik und optische Industrie, Labore, Krankenh\u00e4user und vieles mehr. Mit einem erfahrenen Team aus Fachleuten aller Gewerke, immer auf dem neuen Stand der Technik erarbeiten wir gemeinsam eine individuelle L\u00f6sung f\u00fcr Ihr Projekt.<\/p>                        <\/div>\n                    <\/div>\n                            <\/div>\n        <\/div>\n\n    <\/div>\n<\/div><\/div>\n\n\n<div style=\"height:120px\" aria-hidden=\"true\" class=\"wp-block-spacer\"><\/div>\n\n\n<div class=\"lazyblock-banner-offene-stellen-Zf5Gcf wp-block-lazyblock-banner-offene-stellen\"><div class=\"bannerJobs\">\n    <div class=\"raw\">\n\n        <div class=\"infos\">\n            <div class=\"headline\">\n                <div class=\"subtitle\">Stellenportal<\/div>\n                <div class=\"title\">Finde. Deinen. Traumjob.<\/div>\n            <\/div>\n\n            <div class=\"text\"><div>\n<p>Starten Sie Ihre Zukunft im Handwerk. Wir sind auf der Suche nach Verst\u00e4rkung f\u00fcr unser Team.<\/p>\n<\/div><\/div>\n            <a class=\"btn\" href=\"https:\/\/klimabecker-jobs.com\/jobs\" title=\"Hier geht's zu allen Offenen Stellen.\">Hier geht&#8217;s zu allen Offenen Stellen.<i><svg><use xlink:href=\"\/wp-content\/themes\/klimabecker\/_public\/img\/icons.svg?v=1#arrow-left\"><\/svg><\/i><\/a>\n        <\/div>\n    <\/div>\n\n    <div class=\"image\">\n        <picture>\n            <img decoding=\"async\" src=\"https:\/\/klima-becker.de\/karriere\/wp-content\/uploads\/sites\/7\/2024\/01\/Klima-Becker-Monteur.jpg\" alt=\"\" \/>\n        <\/picture>\n\n        <div id=\"counter\" data-start=\"false\">\n            <div class=\"counter\"  data-count=\"73\">0<\/div>\n            <div class=\"label\">Offene Stellen<\/div>\n        <\/div>\n    <\/div>\n\n\n\n<\/div><\/div>\n\n<div class=\"lazyblock-usps-karriere-Zf07nh wp-block-lazyblock-usps-karriere\"><div id=\"usps\">\n    <div class=\"raw\">\n        <div class=\"headline\">\n            <div class=\"subtitle\">Ein paar Fakten<\/div>\n            <div class=\"title\">in Zahlen.<\/div>\n        <\/div>\n\n                <div id=\"usp\" class=\"usps\" data-start=\"false\">\n\n                            <div class=\"item\">\n                    <div class=\"counter\" id=\"counterFirst\" data-count=\"1928\">0<\/div>\n                                            <div id=\"animation-year\" class=\"bild\"><\/div>\n                                        <div class=\"text\">gegr\u00fcndet<\/div>\n                <\/div>\n                            <div class=\"item\">\n                    <div class=\"counter\"  data-count=\"480\">0<\/div>\n                                            <div id=\"animation-worker\" class=\"bild\"><\/div>\n                                        <div class=\"text\">Mitarbeiter<\/div>\n                <\/div>\n                            <div class=\"item\">\n                    <div class=\"counter\"  data-count=\"11\">0<\/div>\n                                            <div id=\"animation-places\" class=\"bild\"><\/div>\n                                        <div class=\"text\">Standorte<\/div>\n                <\/div>\n                            <div class=\"item\">\n                    <div class=\"counter\"  data-count=\"250\">0<\/div>\n                                            <div id=\"animation-vehicles\" class=\"bild\"><\/div>\n                                        <div class=\"text\">Service Fahrzeuge<\/div>\n                <\/div>\n                    <\/div>\n    <\/div>\n<\/div>\n\n<\/div>\n\n\n<div style=\"height:120px\" aria-hidden=\"true\" class=\"wp-block-spacer\"><\/div>\n\n\n\n<figure class=\"wp-block-video\"><video controls poster=\"https:\/\/klima-becker.madco-lab.de\/wp-content\/uploads\/2022\/09\/Template-Imagevideo.jpg\" src=\"\/wp-content\/themes\/klimabecker\/_public\/video\/klimabecker.mp4\"><\/video><\/figure>\n\n\n\n<div style=\"height:120px\" aria-hidden=\"true\" class=\"wp-block-spacer\"><\/div>\n\n\n\n<div class=\"wp-block-columns frontbanner wp-container-4 is-layout-flex wp-container-core-columns-is-layout-9d6595d7 wp-block-columns-is-layout-flex\">\n<div class=\"wp-block-column is-layout-flow wp-block-column-is-layout-flow\"><div class=\"lazyblock-banner-berufe-Z15WTws wp-block-lazyblock-banner-berufe\"><a class=\"frontBanner\" href=\"\/karriere\/das-sind-wir\/\">\n    <div class=\"image\">\n        <picture class=\"bildTop\">\n            <img decoding=\"async\" src=\"https:\/\/klima-becker.de\/karriere\/wp-content\/uploads\/sites\/7\/2024\/01\/Das-Sind-Wir.png\" alt=\"\" \/>\n        <\/picture>\n    <\/div>\n    <div class=\"text\">\n        <div class=\"subtitle\">Zukunft<\/div>\n        <h3>Das sind wir<\/h3>\n    <\/div>\n<\/a><\/div><\/div>\n\n\n\n<div class=\"wp-block-column is-layout-flow wp-block-column-is-layout-flow\"><div class=\"lazyblock-banner-berufe-2mPtYU wp-block-lazyblock-banner-berufe\"><a class=\"frontBanner\" href=\"\/karriere\/fachkraefte\/\">\n    <div class=\"image\">\n        <picture class=\"bildTop\">\n            <img decoding=\"async\" src=\"https:\/\/klima-becker.de\/karriere\/wp-content\/uploads\/sites\/7\/2024\/01\/Arbeiten.png\" alt=\"\" \/>\n        <\/picture>\n    <\/div>\n    <div class=\"text\">\n        <div class=\"subtitle\">Erfolgreich<\/div>\n        <h3>Fachkr\u00e4fte<\/h3>\n    <\/div>\n<\/a><\/div><\/div>\n\n\n\n<div class=\"wp-block-column is-layout-flow wp-block-column-is-layout-flow\"><div class=\"lazyblock-banner-berufe-7OGdz wp-block-lazyblock-banner-berufe\"><a class=\"frontBanner\" href=\"\/karriere\/ausbildung\/\">\n    <div class=\"image\">\n        <picture class=\"bildTop\">\n            <img decoding=\"async\" src=\"https:\/\/klima-becker.de\/karriere\/wp-content\/uploads\/sites\/7\/2024\/01\/Ausbildung.png\" alt=\"\" \/>\n        <\/picture>\n    <\/div>\n    <div class=\"text\">\n        <div class=\"subtitle\">Starten<\/div>\n        <h3>Ausbildung<\/h3>\n    <\/div>\n<\/a><\/div><\/div>\n<\/div>\n\n\n\n<div style=\"height:120px\" aria-hidden=\"true\" class=\"wp-block-spacer\"><\/div>\n\n\n<div class=\"lazyblock-full-width-image-with-text-Z5f1aX wp-block-lazyblock-full-width-image-with-text\"><section class=\"FullImageText\">\n    <div class=\"wp-block-lazyblock-full-width-image-with-text\"> <!-- add custom css classes -->\n        <!-- Header Position Top -->\n                    <div class=\"raw\">\n                <div class=\"headline\">\n                    <div class=\"subtitle\">Klima Becker<\/div>\n                    <div class=\"title\">Handwerk. Unsere. Leidenschaft.<\/div>\n                <\/div>\n            <\/div>\n                <!-- EOF: Header Position Top -->\n\n        <div class=\"raw\">\n            <div class=\"image image--top\">\n\n                <picture class=\"bild\">\n                    <img decoding=\"async\" loading=\"lazy\" src=\"https:\/\/klima-becker.de\/karriere\/wp-content\/uploads\/sites\/7\/2024\/01\/Klima-Becker-Leidenschaft.png\" alt=\"\" \/>\n                <\/picture>\n            <\/div>\n\n            <div class=\"text text--top\">\n                <!-- Header Position Text -->\n                                <!-- EOF: Header Position Text -->\n                <p>Das Handwerk ist unsere DNA. Hier erbringen wir Bestleistungen in den Bereichen Klima-, K\u00e4lte-, L\u00fcftungstechnik. Weitere Leistungsfelder sind Heizung und Sanit\u00e4r sowie Reinraumtechnik und die Edelstahl- und Feinblechverarbeitung \u2013 perfekter Service unter einem Dach vereint. Clevere L\u00f6sungen, exzellente Karriereperspektiven, langj\u00e4hrige Tradition, verantwortungsvolles Handeln und ein partnerschaftliches Miteinander \u2013 Das ist Klima Becker.<\/p>            <\/div>\n        <\/div>\n    <\/div>\n<\/section><\/div>\n\n\n<div style=\"height:100px\" aria-hidden=\"true\" class=\"wp-block-spacer\"><\/div>\n","protected":false},"excerpt":{"rendered":"","protected":false},"author":2,"featured_media":0,"parent":0,"menu_order":0,"comment_status":"closed","ping_status":"closed","template":"","meta":{"_acf_changed":false,"footnotes":""},"class_list":["post-28","page","type-page","status-publish","hentry"],"acf":[],"yoast_head":"<!-- This site is optimized with the Yoast SEO plugin v27.2 - https:\/\/yoast.com\/product\/yoast-seo-wordpress\/ -->\n<title>Startseite - Klima Becker Karriere<\/title>\n<meta name=\"robots\" content=\"index, follow, max-snippet:-1, max-image-preview:large, max-video-preview:-1\" \/>\n<link rel=\"canonical\" href=\"https:\/\/klima-becker.de\/karriere\/\" \/>\n<meta property=\"og:locale\" content=\"de_DE\" \/>\n<meta property=\"og:type\" content=\"article\" \/>\n<meta property=\"og:title\" content=\"Startseite - Klima Becker Karriere\" \/>\n<meta property=\"og:url\" content=\"https:\/\/klima-becker.de\/karriere\/\" \/>\n<meta property=\"og:site_name\" content=\"Klima Becker Karriere\" \/>\n<meta property=\"article:modified_time\" content=\"2026-02-05T10:52:31+00:00\" \/>\n<meta name=\"twitter:card\" content=\"summary_large_image\" \/>\n<script type=\"application\/ld+json\" class=\"yoast-schema-graph\">{\"@context\":\"https:\/\/schema.org\",\"@graph\":[{\"@type\":\"WebPage\",\"@id\":\"https:\/\/klima-becker.de\/karriere\/\",\"url\":\"https:\/\/klima-becker.de\/karriere\/\",\"name\":\"Startseite - Klima Becker Karriere\",\"isPartOf\":{\"@id\":\"https:\/\/klima-becker.de\/karriere\/#website\"},\"datePublished\":\"2024-01-03T22:20:17+00:00\",\"dateModified\":\"2026-02-05T10:52:31+00:00\",\"breadcrumb\":{\"@id\":\"https:\/\/klima-becker.de\/karriere\/#breadcrumb\"},\"inLanguage\":\"de\",\"potentialAction\":[{\"@type\":\"ReadAction\",\"target\":[\"https:\/\/klima-becker.de\/karriere\/\"]}]},{\"@type\":\"BreadcrumbList\",\"@id\":\"https:\/\/klima-becker.de\/karriere\/#breadcrumb\",\"itemListElement\":[{\"@type\":\"ListItem\",\"position\":1,\"name\":\"Startseite\",\"item\":\"https:\/\/klima-becker.de\/karriere\/\"},{\"@type\":\"ListItem\",\"position\":2,\"name\":\"Startseite\"}]},{\"@type\":\"WebSite\",\"@id\":\"https:\/\/klima-becker.de\/karriere\/#website\",\"url\":\"https:\/\/klima-becker.de\/karriere\/\",\"name\":\"Klima Becker Karriere\",\"description\":\"\",\"potentialAction\":[{\"@type\":\"SearchAction\",\"target\":{\"@type\":\"EntryPoint\",\"urlTemplate\":\"https:\/\/klima-becker.de\/karriere\/?s={search_term_string}\"},\"query-input\":{\"@type\":\"PropertyValueSpecification\",\"valueRequired\":true,\"valueName\":\"search_term_string\"}}],\"inLanguage\":\"de\"}]}<\/script>\n<!-- \/ Yoast SEO plugin. -->","yoast_head_json":{"title":"Startseite - Klima Becker Karriere","robots":{"index":"index","follow":"follow","max-snippet":"max-snippet:-1","max-image-preview":"max-image-preview:large","max-video-preview":"max-video-preview:-1"},"canonical":"https:\/\/klima-becker.de\/karriere\/","og_locale":"de_DE","og_type":"article","og_title":"Startseite - Klima Becker Karriere","og_url":"https:\/\/klima-becker.de\/karriere\/","og_site_name":"Klima Becker Karriere","article_modified_time":"2026-02-05T10:52:31+00:00","twitter_card":"summary_large_image","schema":{"@context":"https:\/\/schema.org","@graph":[{"@type":"WebPage","@id":"https:\/\/klima-becker.de\/karriere\/","url":"https:\/\/klima-becker.de\/karriere\/","name":"Startseite - Klima Becker Karriere","isPartOf":{"@id":"https:\/\/klima-becker.de\/karriere\/#website"},"datePublished":"2024-01-03T22:20:17+00:00","dateModified":"2026-02-05T10:52:31+00:00","breadcrumb":{"@id":"https:\/\/klima-becker.de\/karriere\/#breadcrumb"},"inLanguage":"de","potentialAction":[{"@type":"ReadAction","target":["https:\/\/klima-becker.de\/karriere\/"]}]},{"@type":"BreadcrumbList","@id":"https:\/\/klima-becker.de\/karriere\/#breadcrumb","itemListElement":[{"@type":"ListItem","position":1,"name":"Startseite","item":"https:\/\/klima-becker.de\/karriere\/"},{"@type":"ListItem","position":2,"name":"Startseite"}]},{"@type":"WebSite","@id":"https:\/\/klima-becker.de\/karriere\/#website","url":"https:\/\/klima-becker.de\/karriere\/","name":"Klima Becker Karriere","description":"","potentialAction":[{"@type":"SearchAction","target":{"@type":"EntryPoint","urlTemplate":"https:\/\/klima-becker.de\/karriere\/?s={search_term_string}"},"query-input":{"@type":"PropertyValueSpecification","valueRequired":true,"valueName":"search_term_string"}}],"inLanguage":"de"}]}},"_links":{"self":[{"href":"https:\/\/klima-becker.de\/karriere\/wp-json\/wp\/v2\/pages\/28","targetHints":{"allow":["GET"]}}],"collection":[{"href":"https:\/\/klima-becker.de\/karriere\/wp-json\/wp\/v2\/pages"}],"about":[{"href":"https:\/\/klima-becker.de\/karriere\/wp-json\/wp\/v2\/types\/page"}],"author":[{"embeddable":true,"href":"https:\/\/klima-becker.de\/karriere\/wp-json\/wp\/v2\/users\/2"}],"replies":[{"embeddable":true,"href":"https:\/\/klima-becker.de\/karriere\/wp-json\/wp\/v2\/comments?post=28"}],"version-history":[{"count":26,"href":"https:\/\/klima-becker.de\/karriere\/wp-json\/wp\/v2\/pages\/28\/revisions"}],"predecessor-version":[{"id":356,"href":"https:\/\/klima-becker.de\/karriere\/wp-json\/wp\/v2\/pages\/28\/revisions\/356"}],"wp:attachment":[{"href":"https:\/\/klima-becker.de\/karriere\/wp-json\/wp\/v2\/media?parent=28"}],"curies":[{"name":"wp","href":"https:\/\/api.w.org\/{rel}","templated":true}]}}